{"id":1122,"date":"2019-11-05T12:48:19","date_gmt":"2019-11-05T19:48:19","guid":{"rendered":"https:\/\/solvet.ca\/produits\/"},"modified":"2023-03-04T00:22:02","modified_gmt":"2023-03-04T07:22:02","slug":"produits","status":"publish","type":"page","link":"https:\/\/solvet.comunika.com\/fr\/produits\/","title":{"rendered":"Produits"},"content":{"rendered":"<p>Dr Merle Olson a choisi de se consacrer \u00e0 la fabrication de produits pharmaceutiques en raison du manque d&rsquo;attention port\u00e9e aux besoins r\u00e9els des producteurs et des v\u00e9t\u00e9rinaires canadiens.<br \/>\nNotre gamme de produits et de solutions est en constante \u00e9volution afin de soutenir les v\u00e9t\u00e9rinaires, les producteurs et les propri\u00e9taires d&rsquo;animaux canadiens qui prennent soin de leurs animaux.<\/p>\n<p style=\"text-align: center;\"><strong>Chez Solvet, nous sommes fermement engag\u00e9s \u00e0 fournir des produits de haute qualit\u00e9 dans les secteurs suivants :<\/strong><\/p>\n<div class=\"lists\" style=\"display: flex; width: 600px; margin: auto;\">\n<div class=\"list\" style=\"  margin: auto;  \">\u2022 Agents antimicrobiens<br \/>\n\u2022 Anti-inflammatoires<br \/>\n\u2022 Reproduction et gestion de la mammite<br \/>\n\u2022 Produits gastro-intestinaux<\/div>\n<div class=\"list\" style=\"  margin: auto;  \">\u2022 Calcith\u00e9rapie et suppl\u00e9ments<br \/>\n\u2022 Antiparasitaires<br \/>\n\u2022 Antiseptiques<br \/>\n\u2022 Bios\u00e9curit\u00e9<\/div>\n<\/div>\n","protected":false},"excerpt":{"rendered":"<p>Dr Merle Olson a choisi de se consacrer \u00e0 la fabrication de produits pharmaceutiques en raison du manque d&rsquo;attention port\u00e9e aux besoins r\u00e9els des producteurs et des v\u00e9t\u00e9rinaires canadiens. Notre gamme de produits et de solutions est en constante \u00e9volution afin de soutenir les v\u00e9t\u00e9rinaires, les producteurs et les propri\u00e9taires d&rsquo;animaux canadiens qui prennent soin [&hellip;]<\/p>\n","protected":false},"author":1,"featured_media":0,"parent":0,"menu_order":0,"comment_status":"closed","ping_status":"closed","template":"templates\/products.php","meta":{"_acf_changed":false,"footnotes":""},"class_list":["post-1122","page","type-page","status-publish","hentry"],"acf":[],"yoast_head":"<!-- This site is optimized with the Yoast SEO plugin v26.6 - https:\/\/yoast.com\/wordpress\/plugins\/seo\/ -->\n<title>Produits - Solvet<\/title>\n<meta name=\"robots\" content=\"index, follow, max-snippet:-1, max-image-preview:large, max-video-preview:-1\" \/>\n<link rel=\"canonical\" href=\"https:\/\/solvet.comunika.com\/fr\/produits\/\" \/>\n<meta property=\"og:locale\" content=\"fr_FR\" \/>\n<meta property=\"og:type\" content=\"article\" \/>\n<meta property=\"og:title\" content=\"Produits - Solvet\" \/>\n<meta property=\"og:description\" content=\"Dr Merle Olson a choisi de se consacrer \u00e0 la fabrication de produits pharmaceutiques en raison du manque d&rsquo;attention port\u00e9e aux besoins r\u00e9els des producteurs et des v\u00e9t\u00e9rinaires canadiens. Notre gamme de produits et de solutions est en constante \u00e9volution afin de soutenir les v\u00e9t\u00e9rinaires, les producteurs et les propri\u00e9taires d&rsquo;animaux canadiens qui prennent soin [&hellip;]\" \/>\n<meta property=\"og:url\" content=\"https:\/\/solvet.comunika.com\/fr\/produits\/\" \/>\n<meta property=\"og:site_name\" content=\"Solvet\" \/>\n<meta property=\"article:modified_time\" content=\"2023-03-04T07:22:02+00:00\" \/>\n<meta name=\"twitter:card\" content=\"summary_large_image\" \/>\n<meta name=\"twitter:label1\" content=\"Dur\u00e9e de lecture estim\u00e9e\" \/>\n\t<meta name=\"twitter:data1\" content=\"1 minute\" \/>\n<script type=\"application\/ld+json\" class=\"yoast-schema-graph\">{\"@context\":\"https:\/\/schema.org\",\"@graph\":[{\"@type\":\"WebPage\",\"@id\":\"https:\/\/solvet.comunika.com\/fr\/produits\/\",\"url\":\"https:\/\/solvet.comunika.com\/fr\/produits\/\",\"name\":\"Produits - Solvet\",\"isPartOf\":{\"@id\":\"https:\/\/solvet.comunika.com\/fr\/#website\"},\"datePublished\":\"2019-11-05T19:48:19+00:00\",\"dateModified\":\"2023-03-04T07:22:02+00:00\",\"breadcrumb\":{\"@id\":\"https:\/\/solvet.comunika.com\/fr\/produits\/#breadcrumb\"},\"inLanguage\":\"fr-FR\",\"potentialAction\":[{\"@type\":\"ReadAction\",\"target\":[\"https:\/\/solvet.comunika.com\/fr\/produits\/\"]}]},{\"@type\":\"BreadcrumbList\",\"@id\":\"https:\/\/solvet.comunika.com\/fr\/produits\/#breadcrumb\",\"itemListElement\":[{\"@type\":\"ListItem\",\"position\":1,\"name\":\"Home\",\"item\":\"https:\/\/solvet.comunika.com\/fr\/\"},{\"@type\":\"ListItem\",\"position\":2,\"name\":\"Produits\"}]},{\"@type\":\"WebSite\",\"@id\":\"https:\/\/solvet.comunika.com\/fr\/#website\",\"url\":\"https:\/\/solvet.comunika.com\/fr\/\",\"name\":\"Solvet\",\"description\":\"Innovation By Request\",\"potentialAction\":[{\"@type\":\"SearchAction\",\"target\":{\"@type\":\"EntryPoint\",\"urlTemplate\":\"https:\/\/solvet.comunika.com\/fr\/?s={search_term_string}\"},\"query-input\":{\"@type\":\"PropertyValueSpecification\",\"valueRequired\":true,\"valueName\":\"search_term_string\"}}],\"inLanguage\":\"fr-FR\"}]}<\/script>\n<!-- \/ Yoast SEO plugin. -->","yoast_head_json":{"title":"Produits - Solvet","robots":{"index":"index","follow":"follow","max-snippet":"max-snippet:-1","max-image-preview":"max-image-preview:large","max-video-preview":"max-video-preview:-1"},"canonical":"https:\/\/solvet.comunika.com\/fr\/produits\/","og_locale":"fr_FR","og_type":"article","og_title":"Produits - Solvet","og_description":"Dr Merle Olson a choisi de se consacrer \u00e0 la fabrication de produits pharmaceutiques en raison du manque d&rsquo;attention port\u00e9e aux besoins r\u00e9els des producteurs et des v\u00e9t\u00e9rinaires canadiens. Notre gamme de produits et de solutions est en constante \u00e9volution afin de soutenir les v\u00e9t\u00e9rinaires, les producteurs et les propri\u00e9taires d&rsquo;animaux canadiens qui prennent soin [&hellip;]","og_url":"https:\/\/solvet.comunika.com\/fr\/produits\/","og_site_name":"Solvet","article_modified_time":"2023-03-04T07:22:02+00:00","twitter_card":"summary_large_image","twitter_misc":{"Dur\u00e9e de lecture estim\u00e9e":"1 minute"},"schema":{"@context":"https:\/\/schema.org","@graph":[{"@type":"WebPage","@id":"https:\/\/solvet.comunika.com\/fr\/produits\/","url":"https:\/\/solvet.comunika.com\/fr\/produits\/","name":"Produits - Solvet","isPartOf":{"@id":"https:\/\/solvet.comunika.com\/fr\/#website"},"datePublished":"2019-11-05T19:48:19+00:00","dateModified":"2023-03-04T07:22:02+00:00","breadcrumb":{"@id":"https:\/\/solvet.comunika.com\/fr\/produits\/#breadcrumb"},"inLanguage":"fr-FR","potentialAction":[{"@type":"ReadAction","target":["https:\/\/solvet.comunika.com\/fr\/produits\/"]}]},{"@type":"BreadcrumbList","@id":"https:\/\/solvet.comunika.com\/fr\/produits\/#breadcrumb","itemListElement":[{"@type":"ListItem","position":1,"name":"Home","item":"https:\/\/solvet.comunika.com\/fr\/"},{"@type":"ListItem","position":2,"name":"Produits"}]},{"@type":"WebSite","@id":"https:\/\/solvet.comunika.com\/fr\/#website","url":"https:\/\/solvet.comunika.com\/fr\/","name":"Solvet","description":"Innovation By Request","potentialAction":[{"@type":"SearchAction","target":{"@type":"EntryPoint","urlTemplate":"https:\/\/solvet.comunika.com\/fr\/?s={search_term_string}"},"query-input":{"@type":"PropertyValueSpecification","valueRequired":true,"valueName":"search_term_string"}}],"inLanguage":"fr-FR"}]}},"_links":{"self":[{"href":"https:\/\/solvet.comunika.com\/fr\/wp-json\/wp\/v2\/pages\/1122","targetHints":{"allow":["GET"]}}],"collection":[{"href":"https:\/\/solvet.comunika.com\/fr\/wp-json\/wp\/v2\/pages"}],"about":[{"href":"https:\/\/solvet.comunika.com\/fr\/wp-json\/wp\/v2\/types\/page"}],"author":[{"embeddable":true,"href":"https:\/\/solvet.comunika.com\/fr\/wp-json\/wp\/v2\/users\/1"}],"replies":[{"embeddable":true,"href":"https:\/\/solvet.comunika.com\/fr\/wp-json\/wp\/v2\/comments?post=1122"}],"version-history":[{"count":4,"href":"https:\/\/solvet.comunika.com\/fr\/wp-json\/wp\/v2\/pages\/1122\/revisions"}],"predecessor-version":[{"id":2066,"href":"https:\/\/solvet.comunika.com\/fr\/wp-json\/wp\/v2\/pages\/1122\/revisions\/2066"}],"wp:attachment":[{"href":"https:\/\/solvet.comunika.com\/fr\/wp-json\/wp\/v2\/media?parent=1122"}],"curies":[{"name":"wp","href":"https:\/\/api.w.org\/{rel}","templated":true}]}}