{"id":5264,"date":"2024-03-23T03:09:38","date_gmt":"2024-03-23T09:09:38","guid":{"rendered":"https:\/\/solvet.ca\/programmes\/"},"modified":"2024-04-25T00:01:40","modified_gmt":"2024-04-25T06:01:40","slug":"programmes","status":"publish","type":"page","link":"https:\/\/solvet.comunika.com\/fr\/programmes\/","title":{"rendered":"Programmes"},"content":{"rendered":"\t\t<div data-elementor-type=\"wp-page\" data-elementor-id=\"5264\" class=\"elementor elementor-5264 elementor-5052\" data-elementor-settings=\"{&quot;ha_cmc_init_switcher&quot;:&quot;no&quot;}\">\n\t\t\t\t\t\t<section class=\"elementor-section elementor-top-section elementor-element elementor-element-d7db488 elementor-section-stretched elementor-section-height-min-height elementor-section-items-top elementor-section-boxed elementor-section-height-default\" data-id=\"d7db488\" data-element_type=\"section\" data-settings=\"{&quot;stretch_section&quot;:&quot;section-stretched&quot;,&quot;background_background&quot;:&quot;classic&quot;,&quot;_ha_eqh_enable&quot;:false}\">\n\t\t\t\t\t\t\t<div class=\"elementor-background-overlay\"><\/div>\n\t\t\t\t\t\t\t<div class=\"elementor-container elementor-column-gap-no\">\n\t\t\t\t\t<div class=\"elementor-column elementor-col-100 elementor-top-column elementor-element elementor-element-1bc37c4d\" data-id=\"1bc37c4d\" data-element_type=\"column\">\n\t\t\t<div class=\"elementor-widget-wrap elementor-element-populated\">\n\t\t\t\t\t\t<section class=\"elementor-section elementor-inner-section elementor-element elementor-element-7bdcb6c9 elementor-section-boxed elementor-section-height-default elementor-section-height-default\" data-id=\"7bdcb6c9\" data-element_type=\"section\" data-settings=\"{&quot;_ha_eqh_enable&quot;:false}\">\n\t\t\t\t\t\t<div class=\"elementor-container elementor-column-gap-default\">\n\t\t\t\t\t<div class=\"elementor-column elementor-col-100 elementor-inner-column elementor-element elementor-element-4fcfd8d5\" data-id=\"4fcfd8d5\" data-element_type=\"column\">\n\t\t\t<div class=\"elementor-widget-wrap elementor-element-populated\">\n\t\t\t\t\t\t<div class=\"elementor-element elementor-element-3e1dbf4c elementor-widget__width-initial elementor-widget-mobile__width-inherit elementor-absolute ha-has-bg-overlay elementor-widget elementor-widget-xpro-heading\" data-id=\"3e1dbf4c\" data-element_type=\"widget\" data-settings=\"{&quot;_position&quot;:&quot;absolute&quot;}\" data-widget_type=\"xpro-heading.default\">\n\t\t\t\t<div class=\"elementor-widget-container\">\n\t\t\t\t\t<div class=\"xpro-heading-wrapper xpro-simple-heading-wrapper\">\r\n\t<h1 class=\"xpro-heading-title\">NOS PROGRAMMES <\/h1><\/div>\r\n\t\t\t\t<\/div>\n\t\t\t\t<\/div>\n\t\t\t\t\t<\/div>\n\t\t<\/div>\n\t\t\t\t\t<\/div>\n\t\t<\/section>\n\t\t\t\t\t<\/div>\n\t\t<\/div>\n\t\t\t\t\t<\/div>\n\t\t<\/section>\n\t\t\t\t<section class=\"elementor-section elementor-top-section elementor-element elementor-element-7c8ae986 elementor-section-content-middle elementor-section-boxed elementor-section-height-default elementor-section-height-default\" data-id=\"7c8ae986\" data-element_type=\"section\" data-settings=\"{&quot;background_background&quot;:&quot;classic&quot;,&quot;_ha_eqh_enable&quot;:false}\">\n\t\t\t\t\t\t<div class=\"elementor-container elementor-column-gap-no\">\n\t\t\t\t\t<div class=\"elementor-column elementor-col-100 elementor-top-column elementor-element elementor-element-1107039e\" data-id=\"1107039e\" data-element_type=\"column\">\n\t\t\t<div class=\"elementor-widget-wrap elementor-element-populated\">\n\t\t\t\t\t\t<section class=\"elementor-section elementor-inner-section elementor-element elementor-element-67fcb47 elementor-section-content-middle elementor-section-boxed elementor-section-height-default elementor-section-height-default\" data-id=\"67fcb47\" data-element_type=\"section\" data-settings=\"{&quot;background_background&quot;:&quot;classic&quot;,&quot;_ha_eqh_enable&quot;:false}\">\n\t\t\t\t\t\t<div class=\"elementor-container elementor-column-gap-no\">\n\t\t\t\t\t<div class=\"elementor-column elementor-col-33 elementor-inner-column elementor-element elementor-element-74b2ab90\" data-id=\"74b2ab90\" data-element_type=\"column\" data-settings=\"{&quot;background_background&quot;:&quot;classic&quot;}\">\n\t\t\t<div class=\"elementor-widget-wrap elementor-element-populated\">\n\t\t\t\t\t\t<div data-ha-element-link=\"{&quot;url&quot;:&quot;https:\\\/\\\/solvet.comunika.com\\\/icare\\\/&quot;,&quot;is_external&quot;:&quot;&quot;,&quot;nofollow&quot;:&quot;&quot;}\" style=\"cursor: pointer\" class=\"elementor-element elementor-element-7273f0f8 elementor-absolute elementor-widget elementor-widget-image\" data-id=\"7273f0f8\" data-element_type=\"widget\" data-settings=\"{&quot;_position&quot;:&quot;absolute&quot;}\" data-widget_type=\"image.default\">\n\t\t\t\t<div class=\"elementor-widget-container\">\n\t\t\t\t\t\t\t\t\t\t\t\t\t\t\t\t<a href=\"https:\/\/solvet.comunika.com\/icare\/\">\n\t\t\t\t\t\t\t<img fetchpriority=\"high\" decoding=\"async\" width=\"1024\" height=\"819\" src=\"https:\/\/solvet.comunika.com\/wp-content\/uploads\/2024\/03\/Untitled-design-23-1-1024x819.png\" class=\"attachment-large size-large wp-image-4930\" alt=\"ICare Banner\" srcset=\"https:\/\/solvet.comunika.com\/wp-content\/uploads\/2024\/03\/Untitled-design-23-1-1024x819.png 1024w, https:\/\/solvet.comunika.com\/wp-content\/uploads\/2024\/03\/Untitled-design-23-1-300x240.png 300w, https:\/\/solvet.comunika.com\/wp-content\/uploads\/2024\/03\/Untitled-design-23-1-768x614.png 768w, https:\/\/solvet.comunika.com\/wp-content\/uploads\/2024\/03\/Untitled-design-23-1-1536x1229.png 1536w, https:\/\/solvet.comunika.com\/wp-content\/uploads\/2024\/03\/Untitled-design-23-1.png 2000w\" sizes=\"(max-width: 1024px) 100vw, 1024px\" \/>\t\t\t\t\t\t\t\t<\/a>\n\t\t\t\t\t\t\t\t\t\t\t\t\t\t\t<\/div>\n\t\t\t\t<\/div>\n\t\t\t\t<div class=\"elementor-element elementor-element-11a4129e elementor-widget__width-initial ha-has-bg-overlay elementor-widget elementor-widget-heading\" data-id=\"11a4129e\" data-element_type=\"widget\" data-widget_type=\"heading.default\">\n\t\t\t\t<div class=\"elementor-widget-container\">\n\t\t\t\t\t<h5 class=\"elementor-heading-title elementor-size-default\"><a href=\"https:\/\/solvet.comunika.com\/fr\/icare\/\">ICARE\u00a0: J'AI LES ANIMAUX \u00c0 C\u0152UR<\/a><\/h5>\t\t\t\t<\/div>\n\t\t\t\t<\/div>\n\t\t\t\t\t<\/div>\n\t\t<\/div>\n\t\t\t\t<div class=\"elementor-column elementor-col-33 elementor-inner-column elementor-element elementor-element-8f4e7b8\" data-id=\"8f4e7b8\" data-element_type=\"column\">\n\t\t\t<div class=\"elementor-widget-wrap elementor-element-populated\">\n\t\t\t\t\t\t<div class=\"elementor-element elementor-element-7295d357 elementor-widget elementor-widget-image\" data-id=\"7295d357\" data-element_type=\"widget\" data-widget_type=\"image.default\">\n\t\t\t\t<div class=\"elementor-widget-container\">\n\t\t\t\t\t\t\t\t\t\t\t\t\t\t\t\t<a href=\"https:\/\/solvet.comunika.com\/icare\/\">\n\t\t\t\t\t\t\t<img decoding=\"async\" width=\"1024\" height=\"476\" src=\"https:\/\/solvet.comunika.com\/wp-content\/uploads\/2024\/03\/Logo_ICARE-1024x476.png\" class=\"attachment-large size-large wp-image-4914\" alt=\"ICare\" srcset=\"https:\/\/solvet.comunika.com\/wp-content\/uploads\/2024\/03\/Logo_ICARE-1024x476.png 1024w, https:\/\/solvet.comunika.com\/wp-content\/uploads\/2024\/03\/Logo_ICARE-300x139.png 300w, https:\/\/solvet.comunika.com\/wp-content\/uploads\/2024\/03\/Logo_ICARE-768x357.png 768w, https:\/\/solvet.comunika.com\/wp-content\/uploads\/2024\/03\/Logo_ICARE-1536x714.png 1536w, https:\/\/solvet.comunika.com\/wp-content\/uploads\/2024\/03\/Logo_ICARE-2048x952.png 2048w\" sizes=\"(max-width: 1024px) 100vw, 1024px\" \/>\t\t\t\t\t\t\t\t<\/a>\n\t\t\t\t\t\t\t\t\t\t\t\t\t\t\t<\/div>\n\t\t\t\t<\/div>\n\t\t\t\t<div class=\"elementor-element elementor-element-5176ffd5 elementor-widget__width-initial elementor-absolute ha-has-bg-overlay elementor-widget elementor-widget-heading\" data-id=\"5176ffd5\" data-element_type=\"widget\" data-settings=\"{&quot;_position&quot;:&quot;absolute&quot;}\" data-widget_type=\"heading.default\">\n\t\t\t\t<div class=\"elementor-widget-container\">\n\t\t\t\t\t<h5 class=\"elementor-heading-title elementor-size-default\"><a href=\"https:\/\/solvet.comunika.com\/fr\/icare\/\">L\u2019ACAD\u00c9MIE ICARE<\/a><\/h5>\t\t\t\t<\/div>\n\t\t\t\t<\/div>\n\t\t\t\t\t<\/div>\n\t\t<\/div>\n\t\t\t\t<div class=\"elementor-column elementor-col-33 elementor-inner-column elementor-element elementor-element-5471c431\" data-id=\"5471c431\" data-element_type=\"column\">\n\t\t\t<div class=\"elementor-widget-wrap elementor-element-populated\">\n\t\t\t\t\t\t<div class=\"elementor-element elementor-element-d2dc335 elementor-widget elementor-widget-image\" data-id=\"d2dc335\" data-element_type=\"widget\" data-widget_type=\"image.default\">\n\t\t\t\t<div class=\"elementor-widget-container\">\n\t\t\t\t\t\t\t\t\t\t\t\t\t\t\t\t<a href=\"https:\/\/solvet.comunika.com\/icare\/\">\n\t\t\t\t\t\t\t<img decoding=\"async\" width=\"1024\" height=\"580\" src=\"https:\/\/solvet.comunika.com\/wp-content\/uploads\/2024\/03\/BIOSECURITY-transformed-1-1024x580.jpeg\" class=\"attachment-large size-large wp-image-4953\" alt=\"Biosecurity Banner\" srcset=\"https:\/\/solvet.comunika.com\/wp-content\/uploads\/2024\/03\/BIOSECURITY-transformed-1-1024x580.jpeg 1024w, https:\/\/solvet.comunika.com\/wp-content\/uploads\/2024\/03\/BIOSECURITY-transformed-1-300x170.jpeg 300w, https:\/\/solvet.comunika.com\/wp-content\/uploads\/2024\/03\/BIOSECURITY-transformed-1-768x435.jpeg 768w, https:\/\/solvet.comunika.com\/wp-content\/uploads\/2024\/03\/BIOSECURITY-transformed-1-450x254.jpeg 450w, https:\/\/solvet.comunika.com\/wp-content\/uploads\/2024\/03\/BIOSECURITY-transformed-1-297x167.jpeg 297w, https:\/\/solvet.comunika.com\/wp-content\/uploads\/2024\/03\/BIOSECURITY-transformed-1.jpeg 1184w\" sizes=\"(max-width: 1024px) 100vw, 1024px\" \/>\t\t\t\t\t\t\t\t<\/a>\n\t\t\t\t\t\t\t\t\t\t\t\t\t\t\t<\/div>\n\t\t\t\t<\/div>\n\t\t\t\t<div class=\"elementor-element elementor-element-21b191cb elementor-widget__width-initial elementor-absolute ha-has-bg-overlay elementor-widget elementor-widget-heading\" data-id=\"21b191cb\" data-element_type=\"widget\" data-settings=\"{&quot;_position&quot;:&quot;absolute&quot;}\" data-widget_type=\"heading.default\">\n\t\t\t\t<div class=\"elementor-widget-container\">\n\t\t\t\t\t<h5 class=\"elementor-heading-title elementor-size-default\"><a href=\"https:\/\/solvet.comunika.com\/fr\/biosecurity\/\">BIOS\u00c9CURIT\u00c9<\/a><\/h5>\t\t\t\t<\/div>\n\t\t\t\t<\/div>\n\t\t\t\t\t<\/div>\n\t\t<\/div>\n\t\t\t\t\t<\/div>\n\t\t<\/section>\n\t\t\t\t\t<\/div>\n\t\t<\/div>\n\t\t\t\t\t<\/div>\n\t\t<\/section>\n\t\t\t\t<\/div>\n\t\t","protected":false},"excerpt":{"rendered":"<p>NOS PROGRAMMES ICARE\u00a0: J&rsquo;AI LES ANIMAUX \u00c0 C\u0152UR L\u2019ACAD\u00c9MIE ICARE BIOS\u00c9CURIT\u00c9<\/p>\n","protected":false},"author":1,"featured_media":0,"parent":0,"menu_order":0,"comment_status":"closed","ping_status":"closed","template":"templates\/programs.php","meta":{"_acf_changed":false,"footnotes":""},"class_list":["post-5264","page","type-page","status-publish","hentry"],"acf":[],"yoast_head":"<!-- This site is optimized with the Yoast SEO plugin v26.6 - https:\/\/yoast.com\/wordpress\/plugins\/seo\/ -->\n<title>Programmes - Solvet<\/title>\n<meta name=\"robots\" content=\"index, follow, max-snippet:-1, max-image-preview:large, max-video-preview:-1\" \/>\n<link rel=\"canonical\" href=\"https:\/\/solvet.comunika.com\/fr\/programmes\/\" \/>\n<meta property=\"og:locale\" content=\"fr_FR\" \/>\n<meta property=\"og:type\" content=\"article\" \/>\n<meta property=\"og:title\" content=\"Programmes - Solvet\" \/>\n<meta property=\"og:description\" content=\"NOS PROGRAMMES ICARE\u00a0: J&rsquo;AI LES ANIMAUX \u00c0 C\u0152UR L\u2019ACAD\u00c9MIE ICARE BIOS\u00c9CURIT\u00c9\" \/>\n<meta property=\"og:url\" content=\"https:\/\/solvet.comunika.com\/fr\/programmes\/\" \/>\n<meta property=\"og:site_name\" content=\"Solvet\" \/>\n<meta property=\"article:modified_time\" content=\"2024-04-25T06:01:40+00:00\" \/>\n<meta property=\"og:image\" content=\"https:\/\/solvet.comunika.com\/wp-content\/uploads\/2024\/03\/Untitled-design-23-1-1024x819.png\" \/>\n<meta name=\"twitter:card\" content=\"summary_large_image\" \/>\n<meta name=\"twitter:label1\" content=\"Dur\u00e9e de lecture estim\u00e9e\" \/>\n\t<meta name=\"twitter:data1\" content=\"1 minute\" \/>\n<script type=\"application\/ld+json\" class=\"yoast-schema-graph\">{\"@context\":\"https:\/\/schema.org\",\"@graph\":[{\"@type\":\"WebPage\",\"@id\":\"https:\/\/solvet.comunika.com\/fr\/programmes\/\",\"url\":\"https:\/\/solvet.comunika.com\/fr\/programmes\/\",\"name\":\"Programmes - Solvet\",\"isPartOf\":{\"@id\":\"https:\/\/solvet.comunika.com\/fr\/#website\"},\"primaryImageOfPage\":{\"@id\":\"https:\/\/solvet.comunika.com\/fr\/programmes\/#primaryimage\"},\"image\":{\"@id\":\"https:\/\/solvet.comunika.com\/fr\/programmes\/#primaryimage\"},\"thumbnailUrl\":\"https:\/\/solvet.comunika.com\/wp-content\/uploads\/2024\/03\/Untitled-design-23-1-1024x819.png\",\"datePublished\":\"2024-03-23T09:09:38+00:00\",\"dateModified\":\"2024-04-25T06:01:40+00:00\",\"breadcrumb\":{\"@id\":\"https:\/\/solvet.comunika.com\/fr\/programmes\/#breadcrumb\"},\"inLanguage\":\"fr-FR\",\"potentialAction\":[{\"@type\":\"ReadAction\",\"target\":[\"https:\/\/solvet.comunika.com\/fr\/programmes\/\"]}]},{\"@type\":\"ImageObject\",\"inLanguage\":\"fr-FR\",\"@id\":\"https:\/\/solvet.comunika.com\/fr\/programmes\/#primaryimage\",\"url\":\"https:\/\/solvet.comunika.com\/wp-content\/uploads\/2024\/03\/Untitled-design-23-1-1024x819.png\",\"contentUrl\":\"https:\/\/solvet.comunika.com\/wp-content\/uploads\/2024\/03\/Untitled-design-23-1-1024x819.png\"},{\"@type\":\"BreadcrumbList\",\"@id\":\"https:\/\/solvet.comunika.com\/fr\/programmes\/#breadcrumb\",\"itemListElement\":[{\"@type\":\"ListItem\",\"position\":1,\"name\":\"Home\",\"item\":\"https:\/\/solvet.comunika.com\/fr\/\"},{\"@type\":\"ListItem\",\"position\":2,\"name\":\"Programmes\"}]},{\"@type\":\"WebSite\",\"@id\":\"https:\/\/solvet.comunika.com\/fr\/#website\",\"url\":\"https:\/\/solvet.comunika.com\/fr\/\",\"name\":\"Solvet\",\"description\":\"Innovation By Request\",\"potentialAction\":[{\"@type\":\"SearchAction\",\"target\":{\"@type\":\"EntryPoint\",\"urlTemplate\":\"https:\/\/solvet.comunika.com\/fr\/?s={search_term_string}\"},\"query-input\":{\"@type\":\"PropertyValueSpecification\",\"valueRequired\":true,\"valueName\":\"search_term_string\"}}],\"inLanguage\":\"fr-FR\"}]}<\/script>\n<!-- \/ Yoast SEO plugin. -->","yoast_head_json":{"title":"Programmes - Solvet","robots":{"index":"index","follow":"follow","max-snippet":"max-snippet:-1","max-image-preview":"max-image-preview:large","max-video-preview":"max-video-preview:-1"},"canonical":"https:\/\/solvet.comunika.com\/fr\/programmes\/","og_locale":"fr_FR","og_type":"article","og_title":"Programmes - Solvet","og_description":"NOS PROGRAMMES ICARE\u00a0: J&rsquo;AI LES ANIMAUX \u00c0 C\u0152UR L\u2019ACAD\u00c9MIE ICARE BIOS\u00c9CURIT\u00c9","og_url":"https:\/\/solvet.comunika.com\/fr\/programmes\/","og_site_name":"Solvet","article_modified_time":"2024-04-25T06:01:40+00:00","og_image":[{"url":"https:\/\/solvet.comunika.com\/wp-content\/uploads\/2024\/03\/Untitled-design-23-1-1024x819.png","type":"","width":"","height":""}],"twitter_card":"summary_large_image","twitter_misc":{"Dur\u00e9e de lecture estim\u00e9e":"1 minute"},"schema":{"@context":"https:\/\/schema.org","@graph":[{"@type":"WebPage","@id":"https:\/\/solvet.comunika.com\/fr\/programmes\/","url":"https:\/\/solvet.comunika.com\/fr\/programmes\/","name":"Programmes - Solvet","isPartOf":{"@id":"https:\/\/solvet.comunika.com\/fr\/#website"},"primaryImageOfPage":{"@id":"https:\/\/solvet.comunika.com\/fr\/programmes\/#primaryimage"},"image":{"@id":"https:\/\/solvet.comunika.com\/fr\/programmes\/#primaryimage"},"thumbnailUrl":"https:\/\/solvet.comunika.com\/wp-content\/uploads\/2024\/03\/Untitled-design-23-1-1024x819.png","datePublished":"2024-03-23T09:09:38+00:00","dateModified":"2024-04-25T06:01:40+00:00","breadcrumb":{"@id":"https:\/\/solvet.comunika.com\/fr\/programmes\/#breadcrumb"},"inLanguage":"fr-FR","potentialAction":[{"@type":"ReadAction","target":["https:\/\/solvet.comunika.com\/fr\/programmes\/"]}]},{"@type":"ImageObject","inLanguage":"fr-FR","@id":"https:\/\/solvet.comunika.com\/fr\/programmes\/#primaryimage","url":"https:\/\/solvet.comunika.com\/wp-content\/uploads\/2024\/03\/Untitled-design-23-1-1024x819.png","contentUrl":"https:\/\/solvet.comunika.com\/wp-content\/uploads\/2024\/03\/Untitled-design-23-1-1024x819.png"},{"@type":"BreadcrumbList","@id":"https:\/\/solvet.comunika.com\/fr\/programmes\/#breadcrumb","itemListElement":[{"@type":"ListItem","position":1,"name":"Home","item":"https:\/\/solvet.comunika.com\/fr\/"},{"@type":"ListItem","position":2,"name":"Programmes"}]},{"@type":"WebSite","@id":"https:\/\/solvet.comunika.com\/fr\/#website","url":"https:\/\/solvet.comunika.com\/fr\/","name":"Solvet","description":"Innovation By Request","potentialAction":[{"@type":"SearchAction","target":{"@type":"EntryPoint","urlTemplate":"https:\/\/solvet.comunika.com\/fr\/?s={search_term_string}"},"query-input":{"@type":"PropertyValueSpecification","valueRequired":true,"valueName":"search_term_string"}}],"inLanguage":"fr-FR"}]}},"_links":{"self":[{"href":"https:\/\/solvet.comunika.com\/fr\/wp-json\/wp\/v2\/pages\/5264","targetHints":{"allow":["GET"]}}],"collection":[{"href":"https:\/\/solvet.comunika.com\/fr\/wp-json\/wp\/v2\/pages"}],"about":[{"href":"https:\/\/solvet.comunika.com\/fr\/wp-json\/wp\/v2\/types\/page"}],"author":[{"embeddable":true,"href":"https:\/\/solvet.comunika.com\/fr\/wp-json\/wp\/v2\/users\/1"}],"replies":[{"embeddable":true,"href":"https:\/\/solvet.comunika.com\/fr\/wp-json\/wp\/v2\/comments?post=5264"}],"version-history":[{"count":25,"href":"https:\/\/solvet.comunika.com\/fr\/wp-json\/wp\/v2\/pages\/5264\/revisions"}],"predecessor-version":[{"id":5431,"href":"https:\/\/solvet.comunika.com\/fr\/wp-json\/wp\/v2\/pages\/5264\/revisions\/5431"}],"wp:attachment":[{"href":"https:\/\/solvet.comunika.com\/fr\/wp-json\/wp\/v2\/media?parent=5264"}],"curies":[{"name":"wp","href":"https:\/\/api.w.org\/{rel}","templated":true}]}}