{"id":5271,"date":"2024-03-18T00:27:16","date_gmt":"2024-03-18T06:27:16","guid":{"rendered":"https:\/\/solvet.ca\/icare\/"},"modified":"2024-04-25T00:07:13","modified_gmt":"2024-04-25T06:07:13","slug":"icare","status":"publish","type":"page","link":"https:\/\/solvet.comunika.com\/fr\/icare\/","title":{"rendered":"ICare"},"content":{"rendered":"\t\t<div data-elementor-type=\"wp-page\" data-elementor-id=\"5271\" class=\"elementor elementor-5271 elementor-4743\" data-elementor-settings=\"{&quot;ha_cmc_init_switcher&quot;:&quot;no&quot;}\">\n\t\t\t\t\t\t<section class=\"elementor-section elementor-top-section elementor-element elementor-element-4cc1fbd4 elementor-section-stretched elementor-section-height-min-height elementor-section-items-top elementor-section-boxed elementor-section-height-default\" data-id=\"4cc1fbd4\" data-element_type=\"section\" data-settings=\"{&quot;stretch_section&quot;:&quot;section-stretched&quot;,&quot;background_background&quot;:&quot;classic&quot;,&quot;_ha_eqh_enable&quot;:false}\">\n\t\t\t\t\t\t\t<div class=\"elementor-background-overlay\"><\/div>\n\t\t\t\t\t\t\t<div class=\"elementor-container elementor-column-gap-no\">\n\t\t\t\t\t<div class=\"elementor-column elementor-col-100 elementor-top-column elementor-element elementor-element-30f626e2\" data-id=\"30f626e2\" data-element_type=\"column\">\n\t\t\t<div class=\"elementor-widget-wrap elementor-element-populated\">\n\t\t\t\t\t\t<section class=\"elementor-section elementor-inner-section elementor-element elementor-element-42537e15 elementor-section-boxed elementor-section-height-default elementor-section-height-default\" data-id=\"42537e15\" data-element_type=\"section\" data-settings=\"{&quot;_ha_eqh_enable&quot;:false}\">\n\t\t\t\t\t\t<div class=\"elementor-container elementor-column-gap-default\">\n\t\t\t\t\t<div class=\"elementor-column elementor-col-100 elementor-inner-column elementor-element elementor-element-5b8b6180\" data-id=\"5b8b6180\" data-element_type=\"column\">\n\t\t\t<div class=\"elementor-widget-wrap elementor-element-populated\">\n\t\t\t\t\t\t<div class=\"elementor-element elementor-element-4f1e52e5 elementor-widget__width-initial elementor-widget-mobile__width-inherit elementor-absolute ha-has-bg-overlay elementor-widget elementor-widget-xpro-heading\" data-id=\"4f1e52e5\" data-element_type=\"widget\" data-settings=\"{&quot;_position&quot;:&quot;absolute&quot;}\" data-widget_type=\"xpro-heading.default\">\n\t\t\t\t<div class=\"elementor-widget-container\">\n\t\t\t\t\t<div class=\"xpro-heading-wrapper xpro-simple-heading-wrapper\">\r\n\t<h1 class=\"xpro-heading-title\">La sant\u00e9 <span class=\"xpro-title-focus\">animale \u00e0 c\u0153ur<\/span>  - Nos programmes<\/h1><\/div>\r\n\t\t\t\t<\/div>\n\t\t\t\t<\/div>\n\t\t\t\t\t<\/div>\n\t\t<\/div>\n\t\t\t\t\t<\/div>\n\t\t<\/section>\n\t\t\t\t\t<\/div>\n\t\t<\/div>\n\t\t\t\t\t<\/div>\n\t\t<\/section>\n\t\t\t\t<section class=\"elementor-section elementor-top-section elementor-element elementor-element-6dc648d elementor-section-content-middle elementor-section-boxed elementor-section-height-default elementor-section-height-default\" data-id=\"6dc648d\" data-element_type=\"section\">\n\t\t\t\t\t\t<div class=\"elementor-container elementor-column-gap-default\">\n\t\t\t\t\t<div class=\"elementor-column elementor-col-50 elementor-top-column elementor-element elementor-element-7c977156\" data-id=\"7c977156\" data-element_type=\"column\">\n\t\t\t<div class=\"elementor-widget-wrap elementor-element-populated\">\n\t\t\t\t\t\t<div class=\"elementor-element elementor-element-1132d3e6 elementor-widget__width-initial ha-has-bg-overlay elementor-widget elementor-widget-heading\" data-id=\"1132d3e6\" data-element_type=\"widget\" data-widget_type=\"heading.default\">\n\t\t\t\t<div class=\"elementor-widget-container\">\n\t\t\t\t\t<p class=\"elementor-heading-title elementor-size-default\">Programme - I<\/p>\t\t\t\t<\/div>\n\t\t\t\t<\/div>\n\t\t\t\t<div class=\"elementor-element elementor-element-58ecf7ca eael-dual-header-content-align-left elementor-widget elementor-widget-eael-dual-color-header\" data-id=\"58ecf7ca\" data-element_type=\"widget\" data-widget_type=\"eael-dual-color-header.default\">\n\t\t\t\t<div class=\"elementor-widget-container\">\n\t\t\t\t\t\t\t\t<div class=\"eael-dual-header\">\n\t\t\t\t<h2 class=\"title eael-dch-title\"><span class=\"eael-dch-title-text eael-dch-title-lead lead solid-color\">J\u2019AI LES ANIMAUX \u00c0 C\u0152UR (ICARE)<\/span> <span class=\"eael-dch-title-text\"><\/span><\/h2><div class=\"eael-dch-separator-wrap\"><span class=\"separator-one\"><\/span>\n\t\t\t<span class=\"separator-two\"><\/span><\/div>\t\t\t<\/div>\n\n\t\t\t\t\t\t<\/div>\n\t\t\t\t<\/div>\n\t\t\t\t<div class=\"elementor-element elementor-element-e348294 elementor-widget elementor-widget-text-editor\" data-id=\"e348294\" data-element_type=\"widget\" data-widget_type=\"text-editor.default\">\n\t\t\t\t<div class=\"elementor-widget-container\">\n\t\t\t\t\t\t\t\t\t<p>Solvet a cr\u00e9e le programme \u00ab\u00a0J\u2019ai les animaux \u00e0 c\u0153ur\u00a0\u00bb pour soutenir notre engagement in\u00e9branlable envers le bien-\u00eatre animal et la gestion de la douleur.<\/p><p>\u00a0<\/p><p>Nous investissons dans la recherche et le d\u00e9veloppement pour cr\u00e9er des produits qui am\u00e9liorent le bien-\u00eatre des animaux et nous soutenons des initiatives qui mettent l&rsquo;accent sur le bien-\u00eatre animal.<\/p><p>\u00a0<\/p><p>Avec ce programme, nous voulons aussi supporter des organisations et des personnes qui se consacrent \u00e0 l&rsquo;am\u00e9lioration de la qualit\u00e9 de vie des animaux. Soutenir ceux qui s&rsquo;occupent des animaux est une valeur fondamentale de notre entreprise.<\/p>\t\t\t\t\t\t\t\t<\/div>\n\t\t\t\t<\/div>\n\t\t\t\t\t<\/div>\n\t\t<\/div>\n\t\t\t\t<div class=\"elementor-column elementor-col-50 elementor-top-column elementor-element elementor-element-32f93de8\" data-id=\"32f93de8\" data-element_type=\"column\" data-settings=\"{&quot;background_background&quot;:&quot;gradient&quot;}\">\n\t\t\t<div class=\"elementor-widget-wrap elementor-element-populated\">\n\t\t\t\t\t\t<div class=\"elementor-element elementor-element-1ea290e2 elementor-widget-mobile__width-initial elementor-widget elementor-widget-image\" data-id=\"1ea290e2\" data-element_type=\"widget\" data-widget_type=\"image.default\">\n\t\t\t\t<div class=\"elementor-widget-container\">\n\t\t\t\t\t\t\t\t\t\t\t\t\t\t\t<img fetchpriority=\"high\" decoding=\"async\" width=\"751\" height=\"758\" src=\"https:\/\/solvet.comunika.com\/wp-content\/uploads\/2024\/04\/Untitled-design.png\" class=\"attachment-full size-full wp-image-5317\" alt=\"ICARE FOR CATTLE\" srcset=\"https:\/\/solvet.comunika.com\/wp-content\/uploads\/2024\/04\/Untitled-design.png 751w, https:\/\/solvet.comunika.com\/wp-content\/uploads\/2024\/04\/Untitled-design-297x300.png 297w, https:\/\/solvet.comunika.com\/wp-content\/uploads\/2024\/04\/Untitled-design-150x150.png 150w\" sizes=\"(max-width: 751px) 100vw, 751px\" \/>\t\t\t\t\t\t\t\t\t\t\t\t\t\t\t<\/div>\n\t\t\t\t<\/div>\n\t\t\t\t\t<\/div>\n\t\t<\/div>\n\t\t\t\t\t<\/div>\n\t\t<\/section>\n\t\t\t\t<section class=\"elementor-section elementor-top-section elementor-element elementor-element-2a4879f8 elementor-section-content-top elementor-section-boxed elementor-section-height-default elementor-section-height-default\" data-id=\"2a4879f8\" data-element_type=\"section\" data-settings=\"{&quot;_ha_eqh_enable&quot;:false}\">\n\t\t\t\t\t\t<div class=\"elementor-container elementor-column-gap-default\">\n\t\t\t\t\t<div class=\"elementor-column elementor-col-50 elementor-top-column elementor-element elementor-element-731c21dd\" data-id=\"731c21dd\" data-element_type=\"column\">\n\t\t\t<div class=\"elementor-widget-wrap elementor-element-populated\">\n\t\t\t\t\t\t<div class=\"elementor-element elementor-element-3375a8ed elementor-widget__width-initial ha-has-bg-overlay elementor-widget elementor-widget-heading\" data-id=\"3375a8ed\" data-element_type=\"widget\" data-widget_type=\"heading.default\">\n\t\t\t\t<div class=\"elementor-widget-container\">\n\t\t\t\t\t<p class=\"elementor-heading-title elementor-size-default\">Programme - II<\/p>\t\t\t\t<\/div>\n\t\t\t\t<\/div>\n\t\t\t\t<div class=\"elementor-element elementor-element-359797b3 elementor-widget elementor-widget-heading\" data-id=\"359797b3\" data-element_type=\"widget\" data-widget_type=\"heading.default\">\n\t\t\t\t<div class=\"elementor-widget-container\">\n\t\t\t\t\t<h2 class=\"elementor-heading-title elementor-size-large\"><span style=\"font-weight: bold\">L\u2019ACAD\u00c9MIE ICARE<\/span><br \/>\n\u00c9ducation continue pour les v\u00e9t\u00e9rinaires<\/h2>\t\t\t\t<\/div>\n\t\t\t\t<\/div>\n\t\t\t\t<div class=\"elementor-element elementor-element-19ceee43 elementor-widget elementor-widget-text-editor\" data-id=\"19ceee43\" data-element_type=\"widget\" data-widget_type=\"text-editor.default\">\n\t\t\t\t<div class=\"elementor-widget-container\">\n\t\t\t\t\t\t\t\t\t<p>La recherche et le d\u00e9veloppement sont au c\u0153ur\u00a0 du parcours de Solvet. En investissant continuellement dans la recherche, nous nous effor\u00e7ons de garder une longueur d&rsquo;avance et d&rsquo;anticiper les d\u00e9fis futurs de l&rsquo;industrie. C&rsquo;est \u00e9galement la raison pour laquelle nous avons cr\u00e9\u00e9 les conf\u00e9rences ICARE.<\/p><p>ICARE est l&rsquo;acronyme de <strong>International Cattle Applied Research Education<\/strong> (Formation \u00e0 la recherche appliqu\u00e9e sur les bovins).<\/p>\t\t\t\t\t\t\t\t<\/div>\n\t\t\t\t<\/div>\n\t\t\t\t<div class=\"elementor-element elementor-element-1b6efae6 elementor-widget elementor-widget-text-editor\" data-id=\"1b6efae6\" data-element_type=\"widget\" data-widget_type=\"text-editor.default\">\n\t\t\t\t<div class=\"elementor-widget-container\">\n\t\t\t\t\t\t\t\t\t<p>Les conf\u00e9rences ICARE sont des \u00e9v\u00e9nements pr\u00e9sid\u00e9s par des leaders d&rsquo;opinion reconnus de l&rsquo;industrie de la sant\u00e9 animale qui offrent aux v\u00e9t\u00e9rinaires canadiens des possibilit\u00e9s de formation continue de grande qualit\u00e9. Une offre unique de conf\u00e9rences, de webinaires, de forums de discussion ou d&rsquo;ateliers o\u00f9 les participants peuvent d\u00e9velopper et am\u00e9liorer leurs comp\u00e9tences et leurs connaissances tout en \u00e9tablissant des contacts avec des coll\u00e8gues de tout le Canada. Ces \u00e9v\u00e9nements offrent une plateforme aux chercheurs et aux praticiens pour discuter des innovations, des tendances et des pr\u00e9occupations les plus r\u00e9centes, ainsi que des d\u00e9fis pratiques actuels et des solutions adopt\u00e9es dans les domaines de l&rsquo;\u00e9levage et du bien-\u00eatre des animaux.<\/p><p>\u00a0<\/p><p>Contactez votre responsable de territoire Solvet ou suivez-nous sur les r\u00e9seaux sociaux pour rester au courant des \u00e9v\u00e9nements \u00e0 venir !<\/p>\t\t\t\t\t\t\t\t<\/div>\n\t\t\t\t<\/div>\n\t\t\t\t<div class=\"elementor-element elementor-element-384d8eef elementor-widget__width-auto elementor-view-default elementor-widget elementor-widget-icon\" data-id=\"384d8eef\" data-element_type=\"widget\" data-widget_type=\"icon.default\">\n\t\t\t\t<div class=\"elementor-widget-container\">\n\t\t\t\t\t\t\t<div class=\"elementor-icon-wrapper\">\n\t\t\t<div class=\"elementor-icon\">\n\t\t\t<i aria-hidden=\"true\" class=\"fas fa-arrow-circle-right\"><\/i>\t\t\t<\/div>\n\t\t<\/div>\n\t\t\t\t\t\t<\/div>\n\t\t\t\t<\/div>\n\t\t\t\t<div class=\"elementor-element elementor-element-880d809 elementor-widget__width-auto elementor-widget-mobile__width-initial elementor-widget elementor-widget-text-editor\" data-id=\"880d809\" data-element_type=\"widget\" data-widget_type=\"text-editor.default\">\n\t\t\t\t<div class=\"elementor-widget-container\">\n\t\t\t\t\t\t\t\t\t<p><span style=\"font-weight: bold;\"><strong>Cliquez ici pour acc\u00e9der \u00e0 nos pr\u00e9c\u00e9dents<\/strong> <a href=\"https:\/\/www.youtube.com\/@SolvetCanada\" target=\"_blank\" rel=\"noopener\"><strong><span style=\"color: #ed1940;\">webinaires ICARE<\/span><\/strong><\/a><span style=\"color: #ed1940;\">.<\/span><\/span><\/p>\t\t\t\t\t\t\t\t<\/div>\n\t\t\t\t<\/div>\n\t\t\t\t<div class=\"elementor-element elementor-element-5b5cfc3f elementor-widget__width-auto elementor-view-default elementor-widget elementor-widget-icon\" data-id=\"5b5cfc3f\" data-element_type=\"widget\" data-widget_type=\"icon.default\">\n\t\t\t\t<div class=\"elementor-widget-container\">\n\t\t\t\t\t\t\t<div class=\"elementor-icon-wrapper\">\n\t\t\t<a class=\"elementor-icon\" href=\"https:\/\/www.youtube.com\/@SolvetCanada\" target=\"_blank\">\n\t\t\t<i aria-hidden=\"true\" class=\"fab fa-youtube\"><\/i>\t\t\t<\/a>\n\t\t<\/div>\n\t\t\t\t\t\t<\/div>\n\t\t\t\t<\/div>\n\t\t\t\t\t<\/div>\n\t\t<\/div>\n\t\t\t\t<div class=\"elementor-column elementor-col-50 elementor-top-column elementor-element elementor-element-17db0f0c\" data-id=\"17db0f0c\" data-element_type=\"column\">\n\t\t\t<div class=\"elementor-widget-wrap elementor-element-populated\">\n\t\t\t\t\t\t<div class=\"elementor-element elementor-element-2b04a80c elementor-widget__width-initial elementor-widget elementor-widget-image\" data-id=\"2b04a80c\" data-element_type=\"widget\" data-widget_type=\"image.default\">\n\t\t\t\t<div class=\"elementor-widget-container\">\n\t\t\t\t\t\t\t\t\t\t\t\t\t\t\t<img decoding=\"async\" width=\"1024\" height=\"720\" src=\"https:\/\/solvet.comunika.com\/wp-content\/uploads\/2024\/02\/Logo-1-1024x720.png\" class=\"attachment-large size-large wp-image-4078\" alt=\"Logo\" srcset=\"https:\/\/solvet.comunika.com\/wp-content\/uploads\/2024\/02\/Logo-1-1024x720.png 1024w, https:\/\/solvet.comunika.com\/wp-content\/uploads\/2024\/02\/Logo-1-300x211.png 300w, https:\/\/solvet.comunika.com\/wp-content\/uploads\/2024\/02\/Logo-1-768x540.png 768w, https:\/\/solvet.comunika.com\/wp-content\/uploads\/2024\/02\/Logo-1-1536x1080.png 1536w, https:\/\/solvet.comunika.com\/wp-content\/uploads\/2024\/02\/Logo-1.png 2048w\" sizes=\"(max-width: 1024px) 100vw, 1024px\" \/>\t\t\t\t\t\t\t\t\t\t\t\t\t\t\t<\/div>\n\t\t\t\t<\/div>\n\t\t\t\t\t<\/div>\n\t\t<\/div>\n\t\t\t\t\t<\/div>\n\t\t<\/section>\n\t\t\t\t<\/div>\n\t\t","protected":false},"excerpt":{"rendered":"<p>La sant\u00e9 animale \u00e0 c\u0153ur &#8211; Nos programmes Programme &#8211; I J\u2019AI LES ANIMAUX \u00c0 C\u0152UR (ICARE) Solvet a cr\u00e9e le programme \u00ab\u00a0J\u2019ai les animaux \u00e0 c\u0153ur\u00a0\u00bb pour soutenir notre engagement in\u00e9branlable envers le bien-\u00eatre animal et la gestion de la douleur. \u00a0 Nous investissons dans la recherche et le d\u00e9veloppement pour cr\u00e9er des produits [&hellip;]<\/p>\n","protected":false},"author":1,"featured_media":0,"parent":0,"menu_order":0,"comment_status":"closed","ping_status":"closed","template":"","meta":{"_acf_changed":false,"footnotes":""},"class_list":["post-5271","page","type-page","status-publish","hentry"],"acf":[],"yoast_head":"<!-- This site is optimized with the Yoast SEO plugin v26.6 - https:\/\/yoast.com\/wordpress\/plugins\/seo\/ -->\n<title>ICare - Solvet<\/title>\n<meta name=\"robots\" content=\"index, follow, max-snippet:-1, max-image-preview:large, max-video-preview:-1\" \/>\n<link rel=\"canonical\" href=\"https:\/\/solvet.comunika.com\/fr\/icare\/\" \/>\n<meta property=\"og:locale\" content=\"fr_FR\" \/>\n<meta property=\"og:type\" content=\"article\" \/>\n<meta property=\"og:title\" content=\"ICare - Solvet\" \/>\n<meta property=\"og:description\" content=\"La sant\u00e9 animale \u00e0 c\u0153ur &#8211; Nos programmes Programme &#8211; I J\u2019AI LES ANIMAUX \u00c0 C\u0152UR (ICARE) Solvet a cr\u00e9e le programme \u00ab\u00a0J\u2019ai les animaux \u00e0 c\u0153ur\u00a0\u00bb pour soutenir notre engagement in\u00e9branlable envers le bien-\u00eatre animal et la gestion de la douleur. \u00a0 Nous investissons dans la recherche et le d\u00e9veloppement pour cr\u00e9er des produits [&hellip;]\" \/>\n<meta property=\"og:url\" content=\"https:\/\/solvet.comunika.com\/fr\/icare\/\" \/>\n<meta property=\"og:site_name\" content=\"Solvet\" \/>\n<meta property=\"article:modified_time\" content=\"2024-04-25T06:07:13+00:00\" \/>\n<meta property=\"og:image\" content=\"https:\/\/solvet.comunika.com\/wp-content\/uploads\/2024\/04\/Untitled-design.png\" \/>\n<meta name=\"twitter:card\" content=\"summary_large_image\" \/>\n<meta name=\"twitter:label1\" content=\"Dur\u00e9e de lecture estim\u00e9e\" \/>\n\t<meta name=\"twitter:data1\" content=\"3 minutes\" \/>\n<script type=\"application\/ld+json\" class=\"yoast-schema-graph\">{\"@context\":\"https:\/\/schema.org\",\"@graph\":[{\"@type\":\"WebPage\",\"@id\":\"https:\/\/solvet.comunika.com\/fr\/icare\/\",\"url\":\"https:\/\/solvet.comunika.com\/fr\/icare\/\",\"name\":\"ICare - Solvet\",\"isPartOf\":{\"@id\":\"https:\/\/solvet.comunika.com\/fr\/#website\"},\"primaryImageOfPage\":{\"@id\":\"https:\/\/solvet.comunika.com\/fr\/icare\/#primaryimage\"},\"image\":{\"@id\":\"https:\/\/solvet.comunika.com\/fr\/icare\/#primaryimage\"},\"thumbnailUrl\":\"https:\/\/solvet.comunika.com\/wp-content\/uploads\/2024\/04\/Untitled-design.png\",\"datePublished\":\"2024-03-18T06:27:16+00:00\",\"dateModified\":\"2024-04-25T06:07:13+00:00\",\"breadcrumb\":{\"@id\":\"https:\/\/solvet.comunika.com\/fr\/icare\/#breadcrumb\"},\"inLanguage\":\"fr-FR\",\"potentialAction\":[{\"@type\":\"ReadAction\",\"target\":[\"https:\/\/solvet.comunika.com\/fr\/icare\/\"]}]},{\"@type\":\"ImageObject\",\"inLanguage\":\"fr-FR\",\"@id\":\"https:\/\/solvet.comunika.com\/fr\/icare\/#primaryimage\",\"url\":\"https:\/\/solvet.comunika.com\/wp-content\/uploads\/2024\/04\/Untitled-design.png\",\"contentUrl\":\"https:\/\/solvet.comunika.com\/wp-content\/uploads\/2024\/04\/Untitled-design.png\"},{\"@type\":\"BreadcrumbList\",\"@id\":\"https:\/\/solvet.comunika.com\/fr\/icare\/#breadcrumb\",\"itemListElement\":[{\"@type\":\"ListItem\",\"position\":1,\"name\":\"Home\",\"item\":\"https:\/\/solvet.comunika.com\/fr\/\"},{\"@type\":\"ListItem\",\"position\":2,\"name\":\"ICare\"}]},{\"@type\":\"WebSite\",\"@id\":\"https:\/\/solvet.comunika.com\/fr\/#website\",\"url\":\"https:\/\/solvet.comunika.com\/fr\/\",\"name\":\"Solvet\",\"description\":\"Innovation By Request\",\"potentialAction\":[{\"@type\":\"SearchAction\",\"target\":{\"@type\":\"EntryPoint\",\"urlTemplate\":\"https:\/\/solvet.comunika.com\/fr\/?s={search_term_string}\"},\"query-input\":{\"@type\":\"PropertyValueSpecification\",\"valueRequired\":true,\"valueName\":\"search_term_string\"}}],\"inLanguage\":\"fr-FR\"}]}<\/script>\n<!-- \/ Yoast SEO plugin. -->","yoast_head_json":{"title":"ICare - Solvet","robots":{"index":"index","follow":"follow","max-snippet":"max-snippet:-1","max-image-preview":"max-image-preview:large","max-video-preview":"max-video-preview:-1"},"canonical":"https:\/\/solvet.comunika.com\/fr\/icare\/","og_locale":"fr_FR","og_type":"article","og_title":"ICare - Solvet","og_description":"La sant\u00e9 animale \u00e0 c\u0153ur &#8211; Nos programmes Programme &#8211; I J\u2019AI LES ANIMAUX \u00c0 C\u0152UR (ICARE) Solvet a cr\u00e9e le programme \u00ab\u00a0J\u2019ai les animaux \u00e0 c\u0153ur\u00a0\u00bb pour soutenir notre engagement in\u00e9branlable envers le bien-\u00eatre animal et la gestion de la douleur. \u00a0 Nous investissons dans la recherche et le d\u00e9veloppement pour cr\u00e9er des produits [&hellip;]","og_url":"https:\/\/solvet.comunika.com\/fr\/icare\/","og_site_name":"Solvet","article_modified_time":"2024-04-25T06:07:13+00:00","og_image":[{"url":"https:\/\/solvet.comunika.com\/wp-content\/uploads\/2024\/04\/Untitled-design.png","type":"","width":"","height":""}],"twitter_card":"summary_large_image","twitter_misc":{"Dur\u00e9e de lecture estim\u00e9e":"3 minutes"},"schema":{"@context":"https:\/\/schema.org","@graph":[{"@type":"WebPage","@id":"https:\/\/solvet.comunika.com\/fr\/icare\/","url":"https:\/\/solvet.comunika.com\/fr\/icare\/","name":"ICare - Solvet","isPartOf":{"@id":"https:\/\/solvet.comunika.com\/fr\/#website"},"primaryImageOfPage":{"@id":"https:\/\/solvet.comunika.com\/fr\/icare\/#primaryimage"},"image":{"@id":"https:\/\/solvet.comunika.com\/fr\/icare\/#primaryimage"},"thumbnailUrl":"https:\/\/solvet.comunika.com\/wp-content\/uploads\/2024\/04\/Untitled-design.png","datePublished":"2024-03-18T06:27:16+00:00","dateModified":"2024-04-25T06:07:13+00:00","breadcrumb":{"@id":"https:\/\/solvet.comunika.com\/fr\/icare\/#breadcrumb"},"inLanguage":"fr-FR","potentialAction":[{"@type":"ReadAction","target":["https:\/\/solvet.comunika.com\/fr\/icare\/"]}]},{"@type":"ImageObject","inLanguage":"fr-FR","@id":"https:\/\/solvet.comunika.com\/fr\/icare\/#primaryimage","url":"https:\/\/solvet.comunika.com\/wp-content\/uploads\/2024\/04\/Untitled-design.png","contentUrl":"https:\/\/solvet.comunika.com\/wp-content\/uploads\/2024\/04\/Untitled-design.png"},{"@type":"BreadcrumbList","@id":"https:\/\/solvet.comunika.com\/fr\/icare\/#breadcrumb","itemListElement":[{"@type":"ListItem","position":1,"name":"Home","item":"https:\/\/solvet.comunika.com\/fr\/"},{"@type":"ListItem","position":2,"name":"ICare"}]},{"@type":"WebSite","@id":"https:\/\/solvet.comunika.com\/fr\/#website","url":"https:\/\/solvet.comunika.com\/fr\/","name":"Solvet","description":"Innovation By Request","potentialAction":[{"@type":"SearchAction","target":{"@type":"EntryPoint","urlTemplate":"https:\/\/solvet.comunika.com\/fr\/?s={search_term_string}"},"query-input":{"@type":"PropertyValueSpecification","valueRequired":true,"valueName":"search_term_string"}}],"inLanguage":"fr-FR"}]}},"_links":{"self":[{"href":"https:\/\/solvet.comunika.com\/fr\/wp-json\/wp\/v2\/pages\/5271","targetHints":{"allow":["GET"]}}],"collection":[{"href":"https:\/\/solvet.comunika.com\/fr\/wp-json\/wp\/v2\/pages"}],"about":[{"href":"https:\/\/solvet.comunika.com\/fr\/wp-json\/wp\/v2\/types\/page"}],"author":[{"embeddable":true,"href":"https:\/\/solvet.comunika.com\/fr\/wp-json\/wp\/v2\/users\/1"}],"replies":[{"embeddable":true,"href":"https:\/\/solvet.comunika.com\/fr\/wp-json\/wp\/v2\/comments?post=5271"}],"version-history":[{"count":58,"href":"https:\/\/solvet.comunika.com\/fr\/wp-json\/wp\/v2\/pages\/5271\/revisions"}],"predecessor-version":[{"id":5437,"href":"https:\/\/solvet.comunika.com\/fr\/wp-json\/wp\/v2\/pages\/5271\/revisions\/5437"}],"wp:attachment":[{"href":"https:\/\/solvet.comunika.com\/fr\/wp-json\/wp\/v2\/media?parent=5271"}],"curies":[{"name":"wp","href":"https:\/\/api.w.org\/{rel}","templated":true}]}}